{"id":72,"date":"2023-03-20T20:53:55","date_gmt":"2023-03-20T20:53:55","guid":{"rendered":"https:\/\/akasyl-badiburg.de\/?page_id=72"},"modified":"2023-03-31T19:56:13","modified_gmt":"2023-03-31T19:56:13","slug":"sie-moechten-spenden","status":"publish","type":"page","link":"https:\/\/akasyl-badiburg.de\/?page_id=72","title":{"rendered":"Sie m\u00f6chten spenden?"},"content":{"rendered":"<p><img loading=\"lazy\" decoding=\"async\" class=\"wp-image-51 aligncenter\" src=\"https:\/\/akasyl-badiburg.de\/wp-content\/uploads\/2023\/03\/51915908490_b0f32d064d_ccc-300x200.jpg\" alt=\"\" width=\"495\" height=\"330\" srcset=\"https:\/\/akasyl-badiburg.de\/wp-content\/uploads\/2023\/03\/51915908490_b0f32d064d_ccc-300x200.jpg 300w, https:\/\/akasyl-badiburg.de\/wp-content\/uploads\/2023\/03\/51915908490_b0f32d064d_ccc-768x512.jpg 768w, https:\/\/akasyl-badiburg.de\/wp-content\/uploads\/2023\/03\/51915908490_b0f32d064d_ccc-570x380.jpg 570w, https:\/\/akasyl-badiburg.de\/wp-content\/uploads\/2023\/03\/51915908490_b0f32d064d_ccc-380x254.jpg 380w, https:\/\/akasyl-badiburg.de\/wp-content\/uploads\/2023\/03\/51915908490_b0f32d064d_ccc-285x190.jpg 285w, https:\/\/akasyl-badiburg.de\/wp-content\/uploads\/2023\/03\/51915908490_b0f32d064d_ccc.jpg 799w\" sizes=\"auto, (max-width: 495px) 100vw, 495px\" \/><\/p>\n<p><span style=\"font-size: 14pt;\"><strong>Nicht immer ist es m\u00f6glich, sich selbst f\u00fcr eine gute Sache zu engagieren. Aber vielleicht k\u00f6nnen Sie anders helfen. Der \u00d6kumenische Arbeitskreis Asyl sucht f\u00fcr Gefl\u00fcchtete in unserer Stadt st\u00e4ndig<\/strong><\/span><\/p>\n<ul>\n<li><span style=\"font-size: 14pt;\"><strong>Wohnungen,<\/strong><\/span><\/li>\n<li><span style=\"font-size: 14pt;\"><strong>M\u00f6bel und Haushaltseinrichtungen,<\/strong><\/span><\/li>\n<li><span style=\"font-size: 14pt;\"><strong>Spielzeug,<\/strong><\/span><\/li>\n<li><span style=\"font-size: 14pt;\"><strong>Fahrr\u00e4der<\/strong><\/span><\/li>\n<li><span style=\"font-size: 14pt;\"><strong>u.v.m.<\/strong><\/span><\/li>\n<\/ul>\n<p><span style=\"font-size: 14pt;\"><strong>Auch wenn unsere Ehrenamtlichen unentgeltlich arbeiten, kommt auch der\u00a0 \u00d6kumenische Arbeitskreis Asyl nicht ohne finanzielle Unterst\u00fctzung aus.<\/strong><\/span><\/p>\n<p><span style=\"font-size: 14pt;\"><strong>Spendenkonto:<\/strong><\/span><\/p>\n<ul>\n<li><span style=\"font-size: 14pt;\"><strong>Kirchengemeinde St. Clemens Iburg<\/strong><\/span><\/li>\n<li><span style=\"font-size: 14pt;\"><strong>Verwendungszweck: Arbeitskreis Asyl<\/strong><\/span><\/li>\n<li><span style=\"font-size: 14pt;\"><strong>IBAN: DE14 2655 0105 0006 3012 53<\/strong><\/span><\/li>\n<li><span style=\"font-size: 14pt;\"><strong>BIC: NOLADE22XXX<\/strong><\/span><\/li>\n<\/ul>\n<p>&nbsp;<\/p>\n","protected":false},"excerpt":{"rendered":"<p>Nicht immer ist es m\u00f6glich, sich selbst f\u00fcr eine gute Sache zu engagieren. Aber vielleicht k\u00f6nnen Sie anders helfen. Der \u00d6kumenische Arbeitskreis Asyl sucht f\u00fcr Gefl\u00fcchtete in unserer Stadt st\u00e4ndig Wohnungen, M\u00f6bel und Haushaltseinrichtungen, Spielzeug, Fahrr\u00e4der u.v.m. Auch wenn unsere Ehrenamtlichen unentgeltlich arbeiten, kommt auch der\u00a0 \u00d6kumenische Arbeitskreis Asyl nicht ohne finanzielle Unterst\u00fctzung aus. Spendenkonto:<\/p>\n<p class=\"more-link\"><a href=\"https:\/\/akasyl-badiburg.de\/?page_id=72\" class=\"themebutton2\">Read More<\/a><\/p>\n","protected":false},"author":2,"featured_media":0,"parent":0,"menu_order":0,"comment_status":"closed","ping_status":"closed","template":"","meta":{"_mc_calendar":[],"footnotes":""},"categories":[],"tags":[],"class_list":["post-72","page","type-page","status-publish","hentry"],"_links":{"self":[{"href":"https:\/\/akasyl-badiburg.de\/index.php?rest_route=\/wp\/v2\/pages\/72","targetHints":{"allow":["GET"]}}],"collection":[{"href":"https:\/\/akasyl-badiburg.de\/index.php?rest_route=\/wp\/v2\/pages"}],"about":[{"href":"https:\/\/akasyl-badiburg.de\/index.php?rest_route=\/wp\/v2\/types\/page"}],"author":[{"embeddable":true,"href":"https:\/\/akasyl-badiburg.de\/index.php?rest_route=\/wp\/v2\/users\/2"}],"replies":[{"embeddable":true,"href":"https:\/\/akasyl-badiburg.de\/index.php?rest_route=%2Fwp%2Fv2%2Fcomments&post=72"}],"version-history":[{"count":4,"href":"https:\/\/akasyl-badiburg.de\/index.php?rest_route=\/wp\/v2\/pages\/72\/revisions"}],"predecessor-version":[{"id":115,"href":"https:\/\/akasyl-badiburg.de\/index.php?rest_route=\/wp\/v2\/pages\/72\/revisions\/115"}],"wp:attachment":[{"href":"https:\/\/akasyl-badiburg.de\/index.php?rest_route=%2Fwp%2Fv2%2Fmedia&parent=72"}],"wp:term":[{"taxonomy":"category","embeddable":true,"href":"https:\/\/akasyl-badiburg.de\/index.php?rest_route=%2Fwp%2Fv2%2Fcategories&post=72"},{"taxonomy":"post_tag","embeddable":true,"href":"https:\/\/akasyl-badiburg.de\/index.php?rest_route=%2Fwp%2Fv2%2Ftags&post=72"}],"curies":[{"name":"wp","href":"https:\/\/api.w.org\/{rel}","templated":true}]}}